{"id":2,"date":"2026-01-29T12:44:29","date_gmt":"2026-01-29T11:44:29","guid":{"rendered":"https:\/\/sampartners.ch\/realestate\/?page_id=2"},"modified":"2026-03-13T12:40:47","modified_gmt":"2026-03-13T11:40:47","slug":"sam-partners-real-estate","status":"publish","type":"page","link":"https:\/\/sampartners.ch\/realestate\/","title":{"rendered":"SAM &#038; Partners Real Estate"},"content":{"rendered":"\n<div class=\"wp-block-group alignfull page-hero is-style-default is-vertical is-layout-flex wp-container-core-group-is-layout-2a19356a wp-block-group-is-layout-flex\" style=\"margin-top:0;margin-bottom:0;padding-top:var(--wp--preset--spacing--70);padding-right:var(--wp--preset--spacing--70);padding-bottom:var(--wp--preset--spacing--70);padding-left:var(--wp--preset--spacing--70)\">\n<div id=\"video-bg-container\">\n        <video autoplay muted loop webkit-playsinline playsinline preload=\"auto\" id=\"video-bg\">\n             <source src=\"\/wp-content\/uploads\/sites\/3\/2026\/01\/sam-partners-real-estate.mp4\" type=\"video\/mp4\">\n        <\/video>\n    <\/div>\n\n\n\n<div class=\"wp-block-group has-global-padding is-content-justification-left is-layout-constrained wp-container-core-group-is-layout-1bcfef55 wp-block-group-is-layout-constrained\">\n<h1 class=\"wp-block-heading has-accent-2-color has-text-color has-link-color has-barlow-condensed-font-family has-medium-font-size wp-elements-1613cbd023b17e6f697565bf455815aa\" style=\"font-style:normal;font-weight:400\" data-aos=\"slide-right\" data-aos-delay=\"1000\" data-aos-duration=\"1300\" data-aos-easing=\"ease-out-cubic\">SAM &amp; PARTNERS<\/h1>\n\n\n\n<h2 class=\"wp-block-heading has-accent-2-color has-text-color has-link-color wp-elements-6c2af534b89b98332bdc1c0f5c42378c\" data-aos=\"slide-right\" data-aos-delay=\"1000\" data-aos-duration=\"1700\" data-aos-easing=\"ease-out-cubic\">Real Estate<\/h2>\n\n\n\n<hr class=\"wp-block-separator has-text-color has-accent-2-color has-alpha-channel-opacity has-accent-2-background-color has-background custom-divider gold\" style=\"margin-top:var(--wp--preset--spacing--20);margin-bottom:var(--wp--preset--spacing--20)\" data-aos=\"fade\" data-aos-delay=\"750\" data-aos-duration=\"1500\" data-aos-easing=\"ease-out-cubic\"\/>\n\n\n\n<p class=\"has-accent-2-color has-text-color has-link-color wp-elements-7e281043856dc8bfa0a740fd1b117f26\" data-aos=\"fade-up\" data-aos-delay=\"700\" data-aos-duration=\"1500\" data-aos-easing=\"ease-out-cubic\">Consulenza, gestione e intermediazione immobiliare con approccio fiduciario. Soluzioni immobiliari professionali per investitori, privati e aziende, con competenza tecnica e gestione su misura.<\/p>\n<\/div>\n<\/div>\n\n\n\n<div class=\"wp-block-group alignfull flex-v has-contrast-background-color has-background is-content-justification-space-between is-nowrap is-layout-flex wp-container-core-group-is-layout-9127f7ec wp-block-group-is-layout-flex\" id=\"real-estate\" style=\"padding-top:var(--wp--preset--spacing--60);padding-right:var(--wp--preset--spacing--70);padding-bottom:var(--wp--preset--spacing--60);padding-left:var(--wp--preset--spacing--70)\">\n<h4 class=\"wp-block-heading has-accent-2-color has-text-color has-link-color has-barlow-condensed-font-family wp-elements-d8a926fed7c9fee10b3209b3731ee39d\" style=\"font-style:normal;font-weight:400\" data-aos=\"slide-right\" data-aos-duration=\"800\" data-aos-easing=\"ease-out-cubic\">Introduzione<\/h4>\n\n\n\n<div class=\"wp-block-group flex-v wp-container-content-0733e5d0 is-content-justification-right is-nowrap is-layout-flex wp-container-core-group-is-layout-1f157172 wp-block-group-is-layout-flex\" data-aos=\"slide-left\" data-aos-duration=\"1500\" data-aos-easing=\"ease-out-cubic\">\n<figure class=\"wp-block-image size-large wp-container-content-7f984aff\"><img loading=\"lazy\" decoding=\"async\" width=\"126\" height=\"195\" src=\"https:\/\/sampartners.outlab.site\/realestate\/wp-content\/uploads\/sites\/3\/2026\/01\/sam-partners-fiduciaria-real-estate-lugano-logo-icon.svg\" alt=\"\" class=\"wp-image-110\"\/><\/figure>\n\n\n\n<p class=\"text-justify has-accent-2-color has-text-color has-link-color wp-elements-54335c36e52f52037b937dd00be1942d\">La Divisione Real Estate di SAM &amp; Partners unisce l\u2019esperienza fiduciaria alla specializzazione immobiliare per offrire un servizio completo nel mercato del Canton Ticino. La profonda conoscenza del territorio, l\u2019attenzione al dettaglio e l\u2019approccio istituzionale ci permettono di affiancare clienti esigenti in ogni fase del ciclo immobiliare: dalla valutazione alla compravendita, dalla locazione alle analisi di investimento.<\/p>\n<\/div>\n<\/div>\n\n\n\n<div class=\"wp-block-group alignfull is-style-default is-vertical is-content-justification-stretch is-layout-flex wp-container-core-group-is-layout-9574c170 wp-block-group-is-layout-flex has-background\" id=\"cosa-facciamo\" style=\"min-height:80vh;padding-top:0;padding-right:0;padding-bottom:0;padding-left:0;background-image:url(&apos;https:\/\/sampartners.outlab.site\/realestate\/wp-content\/uploads\/sites\/3\/2026\/02\/sam-partners-real-estate-lugano-immobiliare.webp&apos;);background-size:cover;background-attachment:fixed;\">\n<div class=\"wp-block-group high-index is-layout-flow wp-block-group-is-layout-flow\" style=\"padding-top:var(--wp--preset--spacing--60);padding-right:var(--wp--preset--spacing--70);padding-bottom:var(--wp--preset--spacing--60);padding-left:var(--wp--preset--spacing--70)\">\n<h4 class=\"wp-block-heading has-contrast-color has-text-color has-link-color has-barlow-condensed-font-family has-medium-font-size wp-elements-6c32237931fa2f626b92cea3c96c90d2\" style=\"font-style:normal;font-weight:400\" data-aos=\"slide-right\" data-aos-duration=\"1500\" data-aos-easing=\"ease-out-cubic\">I nostri servizi<\/h4>\n\n\n\n<h2 class=\"wp-block-heading has-contrast-color has-text-color has-link-color wp-elements-1c9d64baeb3ac49453ddf4f1d7bb00c5\" style=\"margin-bottom:var(--wp--preset--spacing--40)\" data-aos=\"slide-right\" data-aos-duration=\"1500\" data-aos-easing=\"ease-out-cubic\">Cosa facciamo<\/h2>\n\n\n\n<div class=\"wp-block-group is-layout-grid wp-container-core-group-is-layout-e48a62d3 wp-block-group-is-layout-grid\" style=\"padding-top:0;padding-bottom:0\">\n<div class=\"wp-block-group row-service is-content-justification-space-between is-nowrap is-layout-flex wp-container-core-group-is-layout-529a28cd wp-block-group-is-layout-flex\" style=\"border-top-color:var(--wp--preset--color--accent-1);border-top-width:1px;border-bottom-style:none;border-bottom-width:0px;margin-top:var(--wp--preset--spacing--20);margin-bottom:var(--wp--preset--spacing--20);padding-top:var(--wp--preset--spacing--40);padding-bottom:var(--wp--preset--spacing--40)\" data-aos=\"slide-up\" data-aos-duration=\"1500\" data-aos-easing=\"ease-out-cubic\">\n<h3 class=\"wp-block-heading has-contrast-color has-text-color has-link-color wp-elements-7ca4144c6b3067e55c7345ceb7f9add2\"><a href=\"\/realestate\/servizi\/#accordionservizi:1\">Intermediazione immobiliare<\/a><\/h3>\n\n\n\n<figure class=\"wp-block-image size-thumbnail wp-container-content-5cc0e011\"><a href=\"\/realestate\/servizi\/#accordionservizi:1\"><img loading=\"lazy\" decoding=\"async\" width=\"32\" height=\"32\" src=\"https:\/\/sampartners.outlab.site\/realestate\/wp-content\/uploads\/sites\/3\/2026\/01\/black-arrow-008.svg\" alt=\"\" class=\"wp-image-128\" style=\"aspect-ratio:1;object-fit:cover\"\/><\/a><\/figure>\n<\/div>\n\n\n\n<div class=\"wp-block-group row-service is-content-justification-space-between is-nowrap is-layout-flex wp-container-core-group-is-layout-529a28cd wp-block-group-is-layout-flex\" style=\"border-top-color:var(--wp--preset--color--accent-1);border-top-width:1px;border-bottom-style:none;border-bottom-width:0px;margin-top:var(--wp--preset--spacing--20);margin-bottom:var(--wp--preset--spacing--20);padding-top:var(--wp--preset--spacing--40);padding-bottom:var(--wp--preset--spacing--40)\" data-aos=\"slide-up\" data-aos-duration=\"1500\" data-aos-easing=\"ease-out-cubic\">\n<h3 class=\"wp-block-heading has-contrast-color has-text-color has-link-color wp-elements-d94b19d3f88ceef8eafbf4e064bdc32f\"><a href=\"\/realestate\/servizi\/#accordionservizi:2\">Locazione<\/a><\/h3>\n\n\n\n<figure class=\"wp-block-image size-thumbnail wp-container-content-5cc0e011\"><a href=\"\/realestate\/servizi\/#accordionservizi:2\"><img loading=\"lazy\" decoding=\"async\" width=\"32\" height=\"32\" src=\"https:\/\/sampartners.outlab.site\/realestate\/wp-content\/uploads\/sites\/3\/2026\/01\/black-arrow-008.svg\" alt=\"\" class=\"wp-image-128\" style=\"aspect-ratio:1;object-fit:cover\"\/><\/a><\/figure>\n<\/div>\n\n\n\n<div class=\"wp-block-group row-service is-content-justification-space-between is-nowrap is-layout-flex wp-container-core-group-is-layout-529a28cd wp-block-group-is-layout-flex\" style=\"border-top-color:var(--wp--preset--color--accent-1);border-top-width:1px;border-bottom-style:none;border-bottom-width:0px;margin-top:var(--wp--preset--spacing--20);margin-bottom:var(--wp--preset--spacing--20);padding-top:var(--wp--preset--spacing--40);padding-bottom:var(--wp--preset--spacing--40)\" data-aos=\"slide-up\" data-aos-duration=\"1500\" data-aos-easing=\"ease-out-cubic\">\n<h3 class=\"wp-block-heading has-contrast-color has-text-color has-link-color wp-elements-ed11edc8ca8a2918eb397b27047ed9fb\"><a href=\"\/realestate\/servizi\/#accordionservizi:3\">Consulenza immobiliare<\/a><\/h3>\n\n\n\n<figure class=\"wp-block-image size-thumbnail wp-container-content-5cc0e011\"><a href=\"\/realestate\/servizi\/#accordionservizi:3\"><img loading=\"lazy\" decoding=\"async\" width=\"32\" height=\"32\" src=\"https:\/\/sampartners.outlab.site\/realestate\/wp-content\/uploads\/sites\/3\/2026\/01\/black-arrow-008.svg\" alt=\"\" class=\"wp-image-128\" style=\"aspect-ratio:1;object-fit:cover\"\/><\/a><\/figure>\n<\/div>\n\n\n\n<div class=\"wp-block-group row-service is-content-justification-space-between is-nowrap is-layout-flex wp-container-core-group-is-layout-529a28cd wp-block-group-is-layout-flex\" style=\"border-top-color:var(--wp--preset--color--accent-1);border-top-width:1px;border-bottom-style:none;border-bottom-width:0px;margin-top:var(--wp--preset--spacing--20);margin-bottom:var(--wp--preset--spacing--20);padding-top:var(--wp--preset--spacing--40);padding-bottom:var(--wp--preset--spacing--40)\" data-aos=\"slide-up\" data-aos-duration=\"1500\" data-aos-easing=\"ease-out-cubic\">\n<h3 class=\"wp-block-heading has-contrast-color has-text-color has-link-color wp-elements-4219dc106df0414cf4d6ee0faba04ce9\"><a href=\"\/realestate\/servizi\/#accordionservizi:4\">Advisory &amp; investimenti<\/a><\/h3>\n\n\n\n<figure class=\"wp-block-image size-thumbnail wp-container-content-5cc0e011\"><a href=\"\/realestate\/servizi\/#accordionservizi:4\"><img loading=\"lazy\" decoding=\"async\" width=\"32\" height=\"32\" src=\"https:\/\/sampartners.outlab.site\/realestate\/wp-content\/uploads\/sites\/3\/2026\/01\/black-arrow-008.svg\" alt=\"\" class=\"wp-image-128\" style=\"aspect-ratio:1;object-fit:cover\"\/><\/a><\/figure>\n<\/div>\n\n\n\n<div class=\"wp-block-group row-service is-content-justification-space-between is-nowrap is-layout-flex wp-container-core-group-is-layout-529a28cd wp-block-group-is-layout-flex\" style=\"border-top-color:var(--wp--preset--color--accent-1);border-top-width:1px;border-bottom-style:none;border-bottom-width:0px;margin-top:var(--wp--preset--spacing--20);margin-bottom:var(--wp--preset--spacing--20);padding-top:var(--wp--preset--spacing--40);padding-bottom:var(--wp--preset--spacing--40)\" data-aos=\"slide-up\" data-aos-duration=\"1500\" data-aos-easing=\"ease-out-cubic\">\n<h3 class=\"wp-block-heading has-contrast-color has-text-color has-link-color wp-elements-5f2167e54d4ad875facc9eb43d718040\"><a href=\"\/realestate\/servizi\/#accordionservizi:5\">Fiscalit\u00e0 immobiliare<\/a><\/h3>\n\n\n\n<figure class=\"wp-block-image size-thumbnail wp-container-content-5cc0e011\"><a href=\"\/realestate\/servizi\/#accordionservizi:5\"><img loading=\"lazy\" decoding=\"async\" width=\"32\" height=\"32\" src=\"https:\/\/sampartners.outlab.site\/realestate\/wp-content\/uploads\/sites\/3\/2026\/01\/black-arrow-008.svg\" alt=\"\" class=\"wp-image-128\" style=\"aspect-ratio:1;object-fit:cover\"\/><\/a><\/figure>\n<\/div>\n\n\n\n<div class=\"wp-block-group row-service is-content-justification-space-between is-nowrap is-layout-flex wp-container-core-group-is-layout-529a28cd wp-block-group-is-layout-flex\" style=\"border-top-color:var(--wp--preset--color--accent-1);border-top-width:1px;border-bottom-style:none;border-bottom-width:0px;margin-top:var(--wp--preset--spacing--20);margin-bottom:var(--wp--preset--spacing--20);padding-top:var(--wp--preset--spacing--40);padding-bottom:var(--wp--preset--spacing--40)\" data-aos=\"slide-up\" data-aos-duration=\"1500\" data-aos-easing=\"ease-out-cubic\">\n<h3 class=\"wp-block-heading has-contrast-color has-text-color has-link-color wp-elements-a73c7d9f9aa4525428b4b13aeba50ecf\"><a href=\"\/realestate\/servizi\/#accordionservizi:6\">Family office<\/a><\/h3>\n\n\n\n<figure class=\"wp-block-image size-thumbnail wp-container-content-5cc0e011\"><a href=\"\/realestate\/servizi\/#accordionservizi:6\"><img loading=\"lazy\" decoding=\"async\" width=\"32\" height=\"32\" src=\"https:\/\/sampartners.outlab.site\/realestate\/wp-content\/uploads\/sites\/3\/2026\/01\/black-arrow-008.svg\" alt=\"\" class=\"wp-image-128\" style=\"aspect-ratio:1;object-fit:cover\"\/><\/a><\/figure>\n<\/div>\n<\/div>\n<\/div>\n<\/div>\n\n\n\n<div class=\"wp-block-group alignfull enlarge-padding is-vertical is-layout-flex wp-container-core-group-is-layout-b7cbcd8c wp-block-group-is-layout-flex\" id=\"proprieta-immobiliari\" style=\"margin-bottom:0px;padding-top:var(--wp--preset--spacing--60);padding-right:var(--wp--preset--spacing--80);padding-bottom:var(--wp--preset--spacing--60);padding-left:var(--wp--preset--spacing--80)\">\n<div class=\"wp-block-columns is-layout-flex wp-container-core-columns-is-layout-28f84493 wp-block-columns-is-layout-flex\">\n<div class=\"wp-block-column is-layout-flow wp-block-column-is-layout-flow\" style=\"flex-basis:40%\">\n<h4 class=\"wp-block-heading has-contrast-color has-text-color has-link-color has-barlow-condensed-font-family has-medium-font-size wp-elements-654f9a41540f3ea3308c6a347bcbc42b\" style=\"font-style:normal;font-weight:400\" data-aos=\"slide-right\" data-aos-duration=\"1500\" data-aos-easing=\"ease-out-cubic\">Immobili per le tue esigenze<\/h4>\n\n\n\n<h2 class=\"wp-block-heading has-contrast-color has-text-color has-link-color wp-elements-b3e0ec4ab6a4d8e4def4b47ab8219825\" style=\"margin-bottom:0\" data-aos=\"slide-right\" data-aos-delay=\"500\" data-aos-duration=\"1500\" data-aos-easing=\"ease-out-cubic\" data-aos-offset=\"-120\">Trova la dimora perfetta in Svizzera<\/h2>\n\n\n\n<p class=\"has-contrast-color has-text-color has-link-color wp-elements-38df5b6ba5541a9c6357f17bac550de1\" style=\"padding-top:var(--wp--preset--spacing--40);padding-bottom:var(--wp--preset--spacing--40)\" data-aos=\"fade-right\" data-aos-delay=\"1000\" data-aos-duration=\"1500\" data-aos-easing=\"ease-out-cubic\" data-aos-offset=\"-200\">Scoprite le migliori propriet\u00e0 immobiliari nelle regioni pi\u00f9 incantevoli della Svizzera. Che desideriate una casa elegante a Zurigo o un rifugio sereno in collina, il nostro team \u00e8 qui per aiutarvi a trovare la vostra casa ideale. Con una selezione di immobili di alta qualit\u00e0, siamo pronti a realizzare il vostro sogno di possedere una casa in Svizzera.<\/p>\n<\/div>\n\n\n\n<div class=\"wp-block-column is-layout-flow wp-block-column-is-layout-flow\"><\/div>\n<\/div>\n\n\n\n<div class=\"wp-block-columns is-layout-flex wp-container-core-columns-is-layout-28f84493 wp-block-columns-is-layout-flex\">\n<div class=\"wp-block-column is-layout-flow wp-block-column-is-layout-flow\" data-aos=\"fade-up\" data-aos-duration=\"1000\" data-aos-easing=\"ease-out-cubic\">\n<figure class=\"wp-block-image size-full\"><a href=\"\/realestate\/immobili\/?availabilities%5B%5D=active&amp;salestypes=buy&amp;utilities=&amp;categories=apartment&amp;rooms_from=&amp;rooms_to=\"><img loading=\"lazy\" decoding=\"async\" width=\"1920\" height=\"1280\" src=\"https:\/\/sampartners.ch\/realestate\/wp-content\/uploads\/sites\/3\/2026\/02\/sam-partners-real-estate-vendita-immobili-1.webp\" alt=\"\" class=\"wp-image-1378\" style=\"aspect-ratio:4\/3;object-fit:cover\"\/><\/a><\/figure>\n\n\n\n<div class=\"wp-block-buttons is-content-justification-center is-layout-flex wp-container-core-buttons-is-layout-07853e23 wp-block-buttons-is-layout-flex\" style=\"margin-top:var(--wp--preset--spacing--30);margin-bottom:var(--wp--preset--spacing--30)\">\n<div class=\"wp-block-button button-dark\"><a class=\"wp-block-button__link has-contrast-color has-text-color has-background has-link-color has-medium-font-size has-custom-font-size wp-element-button\" href=\"\/realestate\/immobili\/?availabilities%5B%5D=active&amp;salestypes=buy&amp;utilities=&amp;categories=apartment&amp;rooms_from=&amp;rooms_to=\" style=\"background-color:#00000000\">AcquistA<\/a><\/div>\n<\/div>\n<\/div>\n\n\n\n<div class=\"wp-block-column is-layout-flow wp-block-column-is-layout-flow\" data-aos=\"fade-up\" data-aos-delay=\"500\" data-aos-duration=\"1000\" data-aos-easing=\"ease-out-cubic\">\n<figure class=\"wp-block-image size-full\"><a href=\"\/realestate\/immobili\/?availabilities%5B%5D=active&amp;salestypes=rent&amp;utilities=&amp;categories=apartment&amp;rooms_from=&amp;rooms_to=\"><img loading=\"lazy\" decoding=\"async\" width=\"1920\" height=\"1280\" src=\"https:\/\/sampartners.ch\/realestate\/wp-content\/uploads\/sites\/3\/2026\/02\/sam-partners-real-estate-affitto-immobili.webp\" alt=\"\" class=\"wp-image-1376\" style=\"aspect-ratio:4\/3;object-fit:cover\"\/><\/a><\/figure>\n\n\n\n<div class=\"wp-block-buttons is-content-justification-center is-layout-flex wp-container-core-buttons-is-layout-07853e23 wp-block-buttons-is-layout-flex\" style=\"margin-top:var(--wp--preset--spacing--30);margin-bottom:var(--wp--preset--spacing--30)\">\n<div class=\"wp-block-button button-dark\"><a class=\"wp-block-button__link has-contrast-color has-text-color has-background has-link-color has-medium-font-size has-custom-font-size wp-element-button\" href=\"\/realestate\/immobili\/?availabilities%5B%5D=active&amp;salestypes=rent&amp;utilities=&amp;categories=apartment&amp;rooms_from=&amp;rooms_to=\" style=\"background-color:#00000000\">Affitta<\/a><\/div>\n<\/div>\n<\/div>\n\n\n\n<div class=\"wp-block-column is-layout-flow wp-block-column-is-layout-flow\" data-aos=\"fade-up\" data-aos-delay=\"1500\" data-aos-duration=\"1000\" data-aos-easing=\"ease-out-cubic\">\n<figure class=\"wp-block-image size-full\"><a href=\"\/realestate\/vendi-immobile\/\"><img loading=\"lazy\" decoding=\"async\" width=\"1920\" height=\"1280\" src=\"https:\/\/sampartners.ch\/realestate\/wp-content\/uploads\/sites\/3\/2026\/02\/sam-partners-real-estate-vendi-immobili.webp\" alt=\"\" class=\"wp-image-1377\" style=\"aspect-ratio:4\/3;object-fit:cover\"\/><\/a><\/figure>\n\n\n\n<div class=\"wp-block-buttons is-content-justification-center is-layout-flex wp-container-core-buttons-is-layout-07853e23 wp-block-buttons-is-layout-flex\" style=\"margin-top:var(--wp--preset--spacing--30);margin-bottom:var(--wp--preset--spacing--30)\">\n<div class=\"wp-block-button button-dark\"><a class=\"wp-block-button__link has-contrast-color has-text-color has-background has-link-color has-medium-font-size has-custom-font-size wp-element-button\" href=\"\/realestate\/vendi-immobile\/\" style=\"background-color:#00000000\">Vendi<\/a><\/div>\n<\/div>\n<\/div>\n<\/div>\n<\/div>\n\n\n\n<div class=\"wp-block-group alignfull real-estate-logo enlarge-padding has-accent-4-background-color has-background h-screen is-nowrap is-layout-flex wp-container-core-group-is-layout-61c64e87 wp-block-group-is-layout-flex\" style=\"padding-top:var(--wp--preset--spacing--80);padding-right:var(--wp--preset--spacing--80);padding-bottom:var(--wp--preset--spacing--80);padding-left:var(--wp--preset--spacing--80);background-image:url(&apos;https:\/\/sampartners.outlab.site\/realestate\/wp-content\/uploads\/sites\/3\/2026\/02\/sam-partners-real-estate-lugano-news-mercato-1.png&apos;);background-position:0% 100%;background-repeat:no-repeat;background-size:700px;\">\n<div class=\"wp-block-columns is-layout-flex wp-container-core-columns-is-layout-eae17e81 wp-block-columns-is-layout-flex\" style=\"margin-top:var(--wp--preset--spacing--70);margin-bottom:var(--wp--preset--spacing--70)\">\n<div class=\"wp-block-column is-layout-flow wp-block-column-is-layout-flow\" style=\"flex-basis:50%\">\n<h4 class=\"wp-block-heading has-contrast-color has-text-color has-link-color has-barlow-condensed-font-family has-medium-font-size wp-elements-39b1cc0ccbd5de69474949498c01754d\" style=\"font-style:normal;font-weight:400\" data-aos=\"slide-right\" data-aos-duration=\"1500\" data-aos-easing=\"ease-out-cubic\">Gestione propriet\u00e0 immobiliari<\/h4>\n\n\n\n<h2 class=\"wp-block-heading has-contrast-color has-text-color has-link-color wp-elements-964220e2407433b91bf67b3f9909b2b5\" style=\"margin-bottom:0\" data-aos=\"slide-right\" data-aos-delay=\"500\" data-aos-duration=\"1500\" data-aos-easing=\"ease-out-cubic\">Real Estate<\/h2>\n<\/div>\n\n\n\n<div class=\"wp-block-column is-layout-flow wp-block-column-is-layout-flow\" style=\"flex-basis:40%\">\n<p class=\"text-justify\" style=\"padding-top:0;padding-bottom:0\" data-aos=\"slide-left\" data-aos-duration=\"1500\" data-aos-easing=\"ease-out-cubic\">SAM &amp; Partners Real Estate offre una gamma di propriet\u00e0 che va dalle eleganti ville agli esclusivi attici, ognuna con una propria identit\u00e0 distintiva. Godetevi la massima privacy nei quartieri pi\u00f9 riservati e raffinati, mentre vi rilassate in un ambiente senza pari.<br><br>Ogni immobile \u00e8 unico e richiede un approccio su misura. Le esigenze dei nostri clienti sono sempre al primo posto. Con una profonda conoscenza del mercato immobiliare, ci impegniamo a garantire il servizio di altissima qualit\u00e0 in ogni transazione.<\/p>\n\n\n\n<div class=\"wp-block-buttons is-layout-flex wp-container-core-buttons-is-layout-a6202bc7 wp-block-buttons-is-layout-flex\" style=\"margin-top:var(--wp--preset--spacing--30);margin-bottom:0\">\n<div class=\"wp-block-button\" data-aos=\"slide-left\" data-aos-duration=\"1000\" data-aos-easing=\"ease-out-cubic\"><a class=\"wp-block-button__link wp-element-button\" href=\"\/realestate\/#proprieta-immobiliari\">Le propriet\u00e0<\/a><\/div>\n<\/div>\n<\/div>\n<\/div>\n<\/div>\n","protected":false},"excerpt":{"rendered":"<p>SAM &amp; PARTNERS Real Estate Consulenza, gestione e intermediazione immobiliare con approccio fiduciario. Soluzioni immobiliari professionali per investitori, privati e aziende, con competenza tecnica e gestione su misura. Introduzione La Divisione Real Estate di SAM &amp; Partners unisce l\u2019esperienza fiduciaria alla specializzazione immobiliare per offrire un servizio completo nel mercato del Canton Ticino. La profonda [&hellip;]<\/p>\n","protected":false},"author":1,"featured_media":0,"parent":0,"menu_order":0,"comment_status":"closed","ping_status":"closed","template":"page-no-title","meta":{"_eb_attr":"","_editorskit_title_hidden":true,"_editorskit_reading_time":0,"_editorskit_is_block_options_detached":false,"_editorskit_block_options_position":"{}","footnotes":""},"class_list":["post-2","page","type-page","status-publish","hentry"],"_links":{"self":[{"href":"https:\/\/sampartners.ch\/realestate\/wp-json\/wp\/v2\/pages\/2","targetHints":{"allow":["GET"]}}],"collection":[{"href":"https:\/\/sampartners.ch\/realestate\/wp-json\/wp\/v2\/pages"}],"about":[{"href":"https:\/\/sampartners.ch\/realestate\/wp-json\/wp\/v2\/types\/page"}],"author":[{"embeddable":true,"href":"https:\/\/sampartners.ch\/realestate\/wp-json\/wp\/v2\/users\/1"}],"replies":[{"embeddable":true,"href":"https:\/\/sampartners.ch\/realestate\/wp-json\/wp\/v2\/comments?post=2"}],"version-history":[{"count":141,"href":"https:\/\/sampartners.ch\/realestate\/wp-json\/wp\/v2\/pages\/2\/revisions"}],"predecessor-version":[{"id":1910,"href":"https:\/\/sampartners.ch\/realestate\/wp-json\/wp\/v2\/pages\/2\/revisions\/1910"}],"wp:attachment":[{"href":"https:\/\/sampartners.ch\/realestate\/wp-json\/wp\/v2\/media?parent=2"}],"curies":[{"name":"wp","href":"https:\/\/api.w.org\/{rel}","templated":true}]}}