{"id":2,"date":"2026-01-29T12:44:14","date_gmt":"2026-01-29T11:44:14","guid":{"rendered":"https:\/\/sampartners.ch\/fiduciaria\/?page_id=2"},"modified":"2026-03-16T09:49:12","modified_gmt":"2026-03-16T08:49:12","slug":"sam-partners-fiduciaria","status":"publish","type":"page","link":"https:\/\/sampartners.ch\/fiduciaria\/","title":{"rendered":"SAM &amp; Partners Fiduciaria"},"content":{"rendered":"\n<div class=\"wp-block-group alignfull page-hero is-style-default is-vertical is-layout-flex wp-container-core-group-is-layout-2a19356a wp-block-group-is-layout-flex\" style=\"margin-top:0;margin-bottom:0;padding-top:var(--wp--preset--spacing--70);padding-right:var(--wp--preset--spacing--70);padding-bottom:var(--wp--preset--spacing--70);padding-left:var(--wp--preset--spacing--70)\">\n<div id=\"video-bg-container\">\n        <video autoplay muted loop playsinline id=\"video-bg\">\n             <source src=\"\/wp-content\/uploads\/sites\/2\/2026\/01\/sam-partners-fiduciaria.mp4\" type=\"video\/mp4\">\n        <\/video>\n    <\/div>\n\n\n\n<div class=\"wp-block-group has-global-padding is-content-justification-left is-layout-constrained wp-container-core-group-is-layout-1bcfef55 wp-block-group-is-layout-constrained\">\n<h2 class=\"wp-block-heading has-accent-2-color has-text-color has-link-color has-barlow-condensed-font-family has-medium-font-size wp-elements-2ed258a94816ac3389bef6f71ed4b070\" style=\"font-style:normal;font-weight:400\" data-aos=\"slide-right\" data-aos-delay=\"1000\" data-aos-duration=\"1300\" data-aos-easing=\"ease-out-cubic\">SAM &amp; PARTNERS<\/h2>\n\n\n\n<h1 class=\"wp-block-heading has-accent-2-color has-text-color has-link-color has-x-large-font-size wp-elements-03d92e316630c1b9002a8f146b3671e5\" data-aos=\"slide-right\" data-aos-delay=\"1000\" data-aos-duration=\"1700\" data-aos-easing=\"ease-out-cubic\">Fiduciaria e consulenza societaria<\/h1>\n\n\n\n<hr class=\"wp-block-separator has-text-color has-accent-2-color has-alpha-channel-opacity has-accent-2-background-color has-background custom-divider red\" style=\"margin-top:var(--wp--preset--spacing--20);margin-bottom:var(--wp--preset--spacing--20)\" data-aos=\"fade\" data-aos-delay=\"1000\" data-aos-duration=\"1500\" data-aos-easing=\"ease-out-cubic\"\/>\n\n\n\n<p class=\"has-accent-2-color has-text-color has-link-color wp-elements-f68ff114f1b36607231061777ed8d994\" data-aos=\"fade-up\" data-aos-delay=\"1000\" data-aos-duration=\"1500\" data-aos-easing=\"ease-out-cubic\">Affianchiamo imprese, imprenditori e strutture societarie nella gestione fiduciaria, amministrativa e fiscale con un approccio rigoroso, istituzionale e orientato alla continuit\u00e0 nel tempo.<\/p>\n<\/div>\n<\/div>\n\n\n\n<div class=\"wp-block-group alignfull flex-v has-accent-3-background-color has-background is-content-justification-space-between is-nowrap is-layout-flex wp-container-core-group-is-layout-9127f7ec wp-block-group-is-layout-flex\" id=\"fiduciaria\" style=\"padding-top:var(--wp--preset--spacing--60);padding-right:var(--wp--preset--spacing--70);padding-bottom:var(--wp--preset--spacing--60);padding-left:var(--wp--preset--spacing--70)\">\n<h4 class=\"wp-block-heading has-accent-2-color has-text-color has-link-color has-barlow-condensed-font-family wp-elements-d8a926fed7c9fee10b3209b3731ee39d\" style=\"font-style:normal;font-weight:400\" data-aos=\"slide-right\" data-aos-duration=\"800\" data-aos-easing=\"ease-out-cubic\">Introduzione<\/h4>\n\n\n\n<div class=\"wp-block-group flex-v wp-container-content-9e2f13cb is-content-justification-right is-nowrap is-layout-flex wp-container-core-group-is-layout-1f157172 wp-block-group-is-layout-flex\" data-aos=\"slide-left\" data-aos-duration=\"1500\" data-aos-easing=\"ease-out-cubic\">\n<figure class=\"wp-block-image size-full wp-container-content-759e20a8\"><img loading=\"lazy\" decoding=\"async\" width=\"126\" height=\"195\" src=\"https:\/\/sampartners.ch\/fiduciaria\/wp-content\/uploads\/sites\/2\/2026\/02\/sam-partners-fiduciaria-real-estate-lugano-favicon-white.svg\" alt=\"\" class=\"wp-image-104\"\/><\/figure>\n\n\n\n<div class=\"wp-block-group has-global-padding is-layout-constrained wp-block-group-is-layout-constrained\">\n<p class=\"has-accent-2-color has-text-color has-link-color wp-elements-1165e0ebbae028dcee5e3b63e96443c5\">SAM &amp; Partners SA \u00e8 una societ\u00e0 fiduciaria indipendente con sede a Lugano, specializzata in servizi di consulenza per aziende e persone fisiche in ambito economico, fiscale e contabile.<br>Offre supporto completo e soluzioni su misura per la gestione amministrativa, contabile e tributaria, avvalendosi di un team di professionisti esperti e costantemente aggiornati.<\/p>\n\n\n\n<div class=\"wp-block-buttons is-layout-flex wp-container-core-buttons-is-layout-e7bbe70c wp-block-buttons-is-layout-flex\" style=\"margin-top:var(--wp--preset--spacing--30);margin-bottom:var(--wp--preset--spacing--30)\">\n<div class=\"wp-block-button\" data-aos=\"slide-left\" data-aos-duration=\"1000\" data-aos-easing=\"ease-out-cubic\"><a class=\"wp-block-button__link wp-element-button\" href=\"https:\/\/sampartners.ch\/fiduciaria\/servizi\/\">SERVIZI<\/a><\/div>\n<\/div>\n<\/div>\n<\/div>\n<\/div>\n\n\n\n<div class=\"wp-block-group alignfull flex-v is-content-justification-space-between is-nowrap is-layout-flex wp-container-core-group-is-layout-9127f7ec wp-block-group-is-layout-flex\" id=\"valori\" style=\"padding-top:var(--wp--preset--spacing--60);padding-right:var(--wp--preset--spacing--70);padding-bottom:var(--wp--preset--spacing--60);padding-left:var(--wp--preset--spacing--70)\">\n<div class=\"wp-block-group has-global-padding is-layout-constrained wp-block-group-is-layout-constrained\">\n<h4 class=\"wp-block-heading has-barlow-condensed-font-family\" style=\"font-style:normal;font-weight:400\" data-aos=\"fade-right\" data-aos-duration=\"1500\" data-aos-easing=\"ease-out-cubic\">I nostri valori distintivi<\/h4>\n\n\n\n<h2 class=\"wp-block-heading\" data-aos=\"fade-right\" data-aos-delay=\"500\" data-aos-duration=\"1500\" data-aos-easing=\"ease-out-cubic\">Una fiduciaria al tuo fianco<\/h2>\n<\/div>\n\n\n\n<h3 class=\"wp-block-heading vertical-title has-accent-3-color has-text-color has-link-color wp-elements-7b88d9a782f2c1ab61c2b4a63f8af18c\" style=\"writing-mode:vertical-rl\" data-aos=\"slide-up\" data-aos-duration=\"1000\" data-aos-easing=\"ease-out-cubic\">Valori<\/h3>\n\n\n\n<div class=\"wp-block-group has-global-padding is-layout-constrained wp-block-group-is-layout-constrained\">\n<div class=\"wp-block-group wp-container-content-9e2f13cb is-vertical is-layout-flex wp-container-core-group-is-layout-a2f0f79d wp-block-group-is-layout-flex\" style=\"border-bottom-color:var(--wp--preset--color--accent-1);border-bottom-width:1px;margin-top:0;margin-bottom:0;padding-top:var(--wp--preset--spacing--30);padding-bottom:var(--wp--preset--spacing--30)\" data-aos=\"slide-left\" data-aos-duration=\"1500\" data-aos-easing=\"ease-out-cubic\">\n<p>Competenza e professionalit\u00e0<\/p>\n\n\n\n<h4 class=\"wp-block-heading\">Il nostro team vanta una solida esperienza multidisciplinare e una rigorosa formazione professionale, garanzia di servizi di alto livello.<\/h4>\n<\/div>\n\n\n\n<div class=\"wp-block-group wp-container-content-9e2f13cb is-vertical is-layout-flex wp-container-core-group-is-layout-a2f0f79d wp-block-group-is-layout-flex\" style=\"border-bottom-color:var(--wp--preset--color--accent-1);border-bottom-width:1px;margin-top:0;margin-bottom:0;padding-top:var(--wp--preset--spacing--30);padding-bottom:var(--wp--preset--spacing--30)\" data-aos=\"slide-left\" data-aos-duration=\"1500\" data-aos-easing=\"ease-out-cubic\">\n<p>Riservatezza e fiducia<\/p>\n\n\n\n<h4 class=\"wp-block-heading\">Poniamo la massima attenzione alla tutela della privacy dei clienti e instauriamo relazioni basate sulla fiducia reciproca, principi fondamentali dell\u2019attivit\u00e0 fiduciaria<\/h4>\n<\/div>\n\n\n\n<div class=\"wp-block-group wp-container-content-9e2f13cb is-vertical is-layout-flex wp-container-core-group-is-layout-a2f0f79d wp-block-group-is-layout-flex\" style=\"border-bottom-color:var(--wp--preset--color--accent-1);border-bottom-width:1px;margin-top:0;margin-bottom:0;padding-top:var(--wp--preset--spacing--30);padding-bottom:var(--wp--preset--spacing--30)\" data-aos=\"slide-left\" data-aos-duration=\"1500\" data-aos-easing=\"ease-out-cubic\">\n<p>Approccio personalizzato<\/p>\n\n\n\n<h4 class=\"wp-block-heading\">Ogni soluzione viene studiata su misura; ascoltiamo attentamente le esigenze specifiche di ciascun cliente e offriamo consulenza mirata, evitando risposte generiche.<\/h4>\n<\/div>\n\n\n\n<div class=\"wp-block-group wp-container-content-9e2f13cb is-vertical is-layout-flex wp-container-core-group-is-layout-a2f0f79d wp-block-group-is-layout-flex\" style=\"border-bottom-color:var(--wp--preset--color--accent-1);border-bottom-width:1px;margin-top:0;margin-bottom:0;padding-top:var(--wp--preset--spacing--30);padding-bottom:var(--wp--preset--spacing--30)\" data-aos=\"slide-left\" data-aos-duration=\"1500\" data-aos-easing=\"ease-out-cubic\">\n<p>Trasparenza e integrit\u00e0<\/p>\n\n\n\n<h4 class=\"wp-block-heading\">Operiamo con assoluta chiarezza verso il cliente, assicurando una comunicazione comprensibile e onesta. Siamo indipendenti da qualsiasi influenza esterna e agiamo esclusivamente a tutela del cliente, evitando ogni potenziale conflitto di interessi 3 , nel pieno rispetto delle normative e dei principi etici professionali.<\/h4>\n<\/div>\n\n\n\n<div class=\"wp-block-group wp-container-content-9e2f13cb is-vertical is-layout-flex wp-container-core-group-is-layout-a2f0f79d wp-block-group-is-layout-flex\" style=\"border-bottom-color:var(--wp--preset--color--accent-1);border-bottom-width:1px;margin-top:0;margin-bottom:0;padding-top:var(--wp--preset--spacing--30);padding-bottom:var(--wp--preset--spacing--30)\" data-aos=\"slide-left\" data-aos-duration=\"1500\" data-aos-easing=\"ease-out-cubic\">\n<p>Aggiornamento continuo<\/p>\n\n\n\n<h4 class=\"wp-block-heading\">Seguiamo costantemente le evoluzioni normative e di mercato. La formazione continua del nostro staff ci permette di anticipare i cambiamenti legislativi e offrire consulenze sempre attuali e pertinenti.<\/h4>\n<\/div>\n<\/div>\n<\/div>\n\n\n\n<div class=\"wp-block-group alignfull has-accent-4-background-color has-background is-vertical is-content-justification-stretch is-layout-flex wp-container-core-group-is-layout-79c9e7b0 wp-block-group-is-layout-flex\" id=\"cosa-facciamo\" style=\"padding-top:var(--wp--preset--spacing--60);padding-right:var(--wp--preset--spacing--70);padding-bottom:var(--wp--preset--spacing--60);padding-left:var(--wp--preset--spacing--70)\">\n<h4 class=\"wp-block-heading has-contrast-color has-text-color has-link-color has-barlow-condensed-font-family wp-elements-176659b62deecb8cade9cc17d8b8cd0b\" style=\"font-style:normal;font-weight:400\" data-aos=\"slide-right\" data-aos-duration=\"1500\" data-aos-easing=\"ease-out-cubic\">I nostri servizi<\/h4>\n\n\n\n<h2 class=\"wp-block-heading has-contrast-color has-text-color has-link-color wp-elements-1c9d64baeb3ac49453ddf4f1d7bb00c5\" style=\"margin-bottom:var(--wp--preset--spacing--40)\" data-aos=\"slide-right\" data-aos-duration=\"1500\" data-aos-easing=\"ease-out-cubic\">Cosa facciamo<\/h2>\n\n\n\n<div class=\"wp-block-group is-layout-grid wp-container-core-group-is-layout-e48a62d3 wp-block-group-is-layout-grid\" style=\"padding-top:0;padding-bottom:0\">\n<div class=\"wp-block-group is-content-justification-space-between is-nowrap is-layout-flex wp-container-core-group-is-layout-529a28cd wp-block-group-is-layout-flex\" style=\"border-top-color:var(--wp--preset--color--accent-1);border-top-width:1px;border-bottom-style:none;border-bottom-width:0px;margin-top:var(--wp--preset--spacing--20);margin-bottom:var(--wp--preset--spacing--20);padding-top:var(--wp--preset--spacing--40);padding-bottom:var(--wp--preset--spacing--40)\" data-aos=\"slide-up\" data-aos-duration=\"1500\" data-aos-easing=\"ease-out-cubic\">\n<h3 class=\"wp-block-heading has-contrast-color has-text-color has-link-color wp-elements-15080aaa6e954a1b7631827ea13307a4\"><a href=\"\/fiduciaria\/servizi\/#accordionservizi:1\">Amministrazione e contabilit\u00e0<\/a><\/h3>\n\n\n\n<figure class=\"wp-block-image size-thumbnail wp-container-content-5cc0e011\"><a href=\"\/fiduciaria\/servizi\/#accordionservizi:1\"><img decoding=\"async\" src=\"https:\/\/sampartners.outlab.site\/realestate\/wp-content\/uploads\/sites\/3\/2026\/01\/black-arrow-008.svg\" alt=\"\" class=\"wp-image-128\" style=\"aspect-ratio:1;object-fit:cover\"\/><\/a><\/figure>\n<\/div>\n\n\n\n<div class=\"wp-block-group is-content-justification-space-between is-nowrap is-layout-flex wp-container-core-group-is-layout-529a28cd wp-block-group-is-layout-flex\" style=\"border-top-color:var(--wp--preset--color--accent-1);border-top-width:1px;border-bottom-style:none;border-bottom-width:0px;margin-top:var(--wp--preset--spacing--20);margin-bottom:var(--wp--preset--spacing--20);padding-top:var(--wp--preset--spacing--40);padding-bottom:var(--wp--preset--spacing--40)\" data-aos=\"slide-up\" data-aos-duration=\"1500\" data-aos-easing=\"ease-out-cubic\">\n<h3 class=\"wp-block-heading has-contrast-color has-text-color has-link-color wp-elements-bfea231148e5436cf6c4d5889924ca1b\"><a href=\"\/fiduciaria\/servizi\/#accordionservizi:3\">Gestione salari e amministrazione del personale<\/a><\/h3>\n\n\n\n<figure class=\"wp-block-image size-thumbnail wp-container-content-5cc0e011\"><a href=\"\/fiduciaria\/servizi\/#accordionservizi:3\"><img decoding=\"async\" src=\"https:\/\/sampartners.outlab.site\/realestate\/wp-content\/uploads\/sites\/3\/2026\/01\/black-arrow-008.svg\" alt=\"\" class=\"wp-image-128\" style=\"aspect-ratio:1;object-fit:cover\"\/><\/a><\/figure>\n<\/div>\n\n\n\n<div class=\"wp-block-group is-content-justification-space-between is-nowrap is-layout-flex wp-container-core-group-is-layout-529a28cd wp-block-group-is-layout-flex\" style=\"border-top-color:var(--wp--preset--color--accent-1);border-top-width:1px;border-bottom-style:none;border-bottom-width:0px;margin-top:var(--wp--preset--spacing--20);margin-bottom:var(--wp--preset--spacing--20);padding-top:var(--wp--preset--spacing--40);padding-bottom:var(--wp--preset--spacing--40)\" data-aos=\"slide-up\" data-aos-duration=\"1500\" data-aos-easing=\"ease-out-cubic\">\n<h3 class=\"wp-block-heading has-contrast-color has-text-color has-link-color wp-elements-fc695e7766b6f641b9625573334fe6be\"><a href=\"\/fiduciaria\/servizi\/#accordionservizi:2\">Fiscalit\u00e0 e adempimenti tributari<\/a><\/h3>\n\n\n\n<figure class=\"wp-block-image size-thumbnail wp-container-content-5cc0e011\"><a href=\"\/fiduciaria\/servizi\/#accordionservizi:2\"><img decoding=\"async\" src=\"https:\/\/sampartners.outlab.site\/realestate\/wp-content\/uploads\/sites\/3\/2026\/01\/black-arrow-008.svg\" alt=\"\" class=\"wp-image-128\" style=\"aspect-ratio:1;object-fit:cover\"\/><\/a><\/figure>\n<\/div>\n\n\n\n<div class=\"wp-block-group is-content-justification-space-between is-nowrap is-layout-flex wp-container-core-group-is-layout-529a28cd wp-block-group-is-layout-flex\" style=\"border-top-color:var(--wp--preset--color--accent-1);border-top-width:1px;border-bottom-style:none;border-bottom-width:0px;margin-top:var(--wp--preset--spacing--20);margin-bottom:var(--wp--preset--spacing--20);padding-top:var(--wp--preset--spacing--40);padding-bottom:var(--wp--preset--spacing--40)\" data-aos=\"slide-up\" data-aos-duration=\"1500\" data-aos-easing=\"ease-out-cubic\">\n<h3 class=\"wp-block-heading has-contrast-color has-text-color has-link-color wp-elements-14f30c90bfe5a492daaf06e2af907d11\"><a href=\"\/fiduciaria\/servizi\/#accordionservizi:5\">Rappresentanza fiduciaria e domiciliazione<\/a><\/h3>\n\n\n\n<figure class=\"wp-block-image size-thumbnail wp-container-content-5cc0e011\"><a href=\"\/fiduciaria\/servizi\/#accordionservizi:5\"><img decoding=\"async\" src=\"https:\/\/sampartners.outlab.site\/realestate\/wp-content\/uploads\/sites\/3\/2026\/01\/black-arrow-008.svg\" alt=\"\" class=\"wp-image-128\" style=\"aspect-ratio:1;object-fit:cover\"\/><\/a><\/figure>\n<\/div>\n\n\n\n<div class=\"wp-block-group is-content-justification-space-between is-nowrap is-layout-flex wp-container-core-group-is-layout-529a28cd wp-block-group-is-layout-flex\" style=\"border-top-color:var(--wp--preset--color--accent-1);border-top-width:1px;border-bottom-style:none;border-bottom-width:0px;margin-top:var(--wp--preset--spacing--20);margin-bottom:var(--wp--preset--spacing--20);padding-top:var(--wp--preset--spacing--40);padding-bottom:var(--wp--preset--spacing--40)\" data-aos=\"slide-up\" data-aos-duration=\"1500\" data-aos-easing=\"ease-out-cubic\">\n<h3 class=\"wp-block-heading has-contrast-color has-text-color has-link-color wp-elements-39c55d9d99ece8bc2bcc40dd49823545\"><a href=\"\/fiduciaria\/servizi\/#accordionservizi:4\">Consulenza societaria e governance<\/a><\/h3>\n\n\n\n<figure class=\"wp-block-image size-thumbnail wp-container-content-5cc0e011\"><a href=\"\/fiduciaria\/servizi\/#accordionservizi:4\"><img decoding=\"async\" src=\"https:\/\/sampartners.outlab.site\/realestate\/wp-content\/uploads\/sites\/3\/2026\/01\/black-arrow-008.svg\" alt=\"\" class=\"wp-image-128\" style=\"aspect-ratio:1;object-fit:cover\"\/><\/a><\/figure>\n<\/div>\n\n\n\n<div class=\"wp-block-group is-content-justification-space-between is-nowrap is-layout-flex wp-container-core-group-is-layout-529a28cd wp-block-group-is-layout-flex\" style=\"border-top-color:var(--wp--preset--color--accent-1);border-top-width:1px;border-bottom-style:none;border-bottom-width:0px;margin-top:var(--wp--preset--spacing--20);margin-bottom:var(--wp--preset--spacing--20);padding-top:var(--wp--preset--spacing--40);padding-bottom:var(--wp--preset--spacing--40)\" data-aos=\"slide-up\" data-aos-duration=\"1500\" data-aos-easing=\"ease-out-cubic\">\n<h3 class=\"wp-block-heading has-contrast-color has-text-color has-link-color wp-elements-6207a13762adb88916a23ef9e17c6814\"><a href=\"\/fiduciaria\/servizi\/#accordionservizi:6\">Richiesta permessi ufficio migrazione<\/a><\/h3>\n\n\n\n<figure class=\"wp-block-image size-thumbnail wp-container-content-5cc0e011\"><a href=\"\/fiduciaria\/servizi\/#accordionservizi:6\"><img decoding=\"async\" src=\"https:\/\/sampartners.outlab.site\/realestate\/wp-content\/uploads\/sites\/3\/2026\/01\/black-arrow-008.svg\" alt=\"\" class=\"wp-image-128\" style=\"aspect-ratio:1;object-fit:cover\"\/><\/a><\/figure>\n<\/div>\n\n\n\n<div class=\"wp-block-group is-content-justification-space-between is-nowrap is-layout-flex wp-container-core-group-is-layout-529a28cd wp-block-group-is-layout-flex\" style=\"border-top-color:var(--wp--preset--color--accent-1);border-top-width:1px;border-bottom-style:none;border-bottom-width:0px;margin-top:var(--wp--preset--spacing--20);margin-bottom:var(--wp--preset--spacing--20);padding-top:var(--wp--preset--spacing--40);padding-bottom:var(--wp--preset--spacing--40)\" data-aos=\"slide-up\" data-aos-duration=\"1500\" data-aos-easing=\"ease-out-cubic\">\n<h3 class=\"wp-block-heading has-contrast-color has-text-color has-link-color wp-elements-e233882ca91296433576b66daf8e638a\"><a href=\"\/fiduciaria\/servizi\/#accordionservizi:7\">Servizio Family office<\/a><\/h3>\n\n\n\n<figure class=\"wp-block-image size-thumbnail wp-container-content-5cc0e011\"><a href=\"\/fiduciaria\/servizi\/#accordionservizi:7\"><img decoding=\"async\" src=\"https:\/\/sampartners.outlab.site\/realestate\/wp-content\/uploads\/sites\/3\/2026\/01\/black-arrow-008.svg\" alt=\"\" class=\"wp-image-128\" style=\"aspect-ratio:1;object-fit:cover\"\/><\/a><\/figure>\n<\/div>\n<\/div>\n<\/div>\n\n\n\n<div class=\"wp-block-group alignfull flex-v has-accent-3-background-color has-background is-content-justification-space-between is-nowrap is-layout-flex wp-container-core-group-is-layout-9127f7ec wp-block-group-is-layout-flex\" id=\"mission\" style=\"padding-top:var(--wp--preset--spacing--60);padding-right:var(--wp--preset--spacing--70);padding-bottom:var(--wp--preset--spacing--60);padding-left:var(--wp--preset--spacing--70)\">\n<h4 class=\"wp-block-heading has-accent-2-color has-text-color has-link-color has-barlow-condensed-font-family wp-elements-906e71f325cf96c15b2ff8ca495f27ee\" style=\"padding-bottom:var(--wp--preset--spacing--20);font-style:normal;font-weight:400\" data-aos=\"slide-right\" data-aos-duration=\"1000\" data-aos-easing=\"ease-out-cubic\">Missione<\/h4>\n\n\n\n<div class=\"wp-block-group wp-container-content-9e2f13cb is-vertical is-layout-flex wp-container-core-group-is-layout-355c4241 wp-block-group-is-layout-flex\" data-aos=\"slide-left\" data-aos-duration=\"1500\" data-aos-easing=\"ease-out-cubic\">\n<h2 class=\"wp-block-heading has-accent-2-color has-text-color has-link-color has-medium-font-size wp-elements-1a14040aa7028fb60e8bdea4a2565579\" data-aos=\"slide-left\" data-aos-duration=\"1000\" data-aos-easing=\"ease-out-cubic\">Supportare imprese e imprenditori nella gestione fiduciaria e societaria, garantendo un servizio strutturato, conforme e orientato alla tutela degli interessi del cliente nel tempo.<\/h2>\n<\/div>\n<\/div>\n\n\n\n<div class=\"wp-block-group alignfull flex-v has-accent-3-background-color has-background is-content-justification-space-between is-nowrap is-layout-flex wp-container-core-group-is-layout-9127f7ec wp-block-group-is-layout-flex\" id=\"societa\" style=\"padding-top:var(--wp--preset--spacing--60);padding-right:var(--wp--preset--spacing--70);padding-bottom:var(--wp--preset--spacing--60);padding-left:var(--wp--preset--spacing--70)\">\n<h4 class=\"wp-block-heading has-accent-2-color has-text-color has-link-color has-barlow-condensed-font-family wp-elements-19781566c9a20cd270f5ad053300f5eb\" style=\"font-style:normal;font-weight:400\" data-aos=\"slide-right\" data-aos-duration=\"800\" data-aos-easing=\"ease-out-cubic\">La societ\u00e0<\/h4>\n\n\n\n<div class=\"wp-block-group has-accent-2-color has-text-color has-link-color wp-elements-6672319753818d855ff468cbcaedc63c wp-container-content-9e2f13cb is-vertical is-layout-flex wp-container-core-group-is-layout-355c4241 wp-block-group-is-layout-flex\" data-aos=\"slide-left\" data-aos-duration=\"1500\" data-aos-easing=\"ease-out-cubic\">\n<p>SAM &amp; Partners SA \u00e8 attiva nel settore dei servizi fiduciari, rivolta tanto alle piccole e medie imprese quanto ai clienti privati, a cui offre consulenza specializzata in ambito contabile, fiscale e societario. Fin dalla fondazione, la societ\u00e0 si distingue per l\u2019approccio rigoroso e la focalizzazione sulle esigenze specifiche di ogni cliente.<br><br>Grazie a un team multidisciplinare e a una rete di collaboratori qualificati, SAM &amp; Partners \u00e8 in grado di affiancare start-up, PMI, realt\u00e0 aziendali consolidate e singoli individui nelle loro sfide sia quotidiane sia straordinarie. L\u2019obiettivo primario \u00e8 instaurare con ciascun cliente un rapporto di lungo termine basato su fiducia, qualit\u00e0 e trasparenza, accompagnandolo nella crescita e nella tutela del proprio patrimonio.<\/p>\n\n\n\n<div class=\"wp-block-buttons is-layout-flex wp-container-core-buttons-is-layout-e7bbe70c wp-block-buttons-is-layout-flex\" style=\"margin-top:var(--wp--preset--spacing--30);margin-bottom:var(--wp--preset--spacing--30)\">\n<div class=\"wp-block-button\" data-aos=\"slide-left\" data-aos-duration=\"1000\" data-aos-easing=\"ease-out-cubic\"><a class=\"wp-block-button__link wp-element-button\" href=\"https:\/\/sampartners.ch\/fiduciaria\/su-di-noi\/\">su di noi<\/a><\/div>\n<\/div>\n<\/div>\n<\/div>\n","protected":false},"excerpt":{"rendered":"<p>SAM &amp; PARTNERS Fiduciaria e consulenza societaria Affianchiamo imprese, imprenditori e strutture societarie nella gestione fiduciaria, amministrativa e fiscale con un approccio rigoroso, istituzionale e orientato alla continuit\u00e0 nel tempo. Introduzione SAM &amp; Partners SA \u00e8 una societ\u00e0 fiduciaria indipendente con sede a Lugano, specializzata in servizi di consulenza per aziende e persone fisiche in [&hellip;]<\/p>\n","protected":false},"author":1,"featured_media":0,"parent":0,"menu_order":0,"comment_status":"closed","ping_status":"closed","template":"page-no-title","meta":{"_eb_attr":"","_editorskit_title_hidden":true,"_editorskit_reading_time":0,"_editorskit_is_block_options_detached":false,"_editorskit_block_options_position":"{}","footnotes":""},"class_list":["post-2","page","type-page","status-publish","hentry"],"_links":{"self":[{"href":"https:\/\/sampartners.ch\/fiduciaria\/wp-json\/wp\/v2\/pages\/2","targetHints":{"allow":["GET"]}}],"collection":[{"href":"https:\/\/sampartners.ch\/fiduciaria\/wp-json\/wp\/v2\/pages"}],"about":[{"href":"https:\/\/sampartners.ch\/fiduciaria\/wp-json\/wp\/v2\/types\/page"}],"author":[{"embeddable":true,"href":"https:\/\/sampartners.ch\/fiduciaria\/wp-json\/wp\/v2\/users\/1"}],"replies":[{"embeddable":true,"href":"https:\/\/sampartners.ch\/fiduciaria\/wp-json\/wp\/v2\/comments?post=2"}],"version-history":[{"count":41,"href":"https:\/\/sampartners.ch\/fiduciaria\/wp-json\/wp\/v2\/pages\/2\/revisions"}],"predecessor-version":[{"id":470,"href":"https:\/\/sampartners.ch\/fiduciaria\/wp-json\/wp\/v2\/pages\/2\/revisions\/470"}],"wp:attachment":[{"href":"https:\/\/sampartners.ch\/fiduciaria\/wp-json\/wp\/v2\/media?parent=2"}],"curies":[{"name":"wp","href":"https:\/\/api.w.org\/{rel}","templated":true}]}}